{"id":33,"date":"2022-11-04T19:19:55","date_gmt":"2022-11-04T19:19:55","guid":{"rendered":"https:\/\/gastroservis.hr\/home\/"},"modified":"2023-07-14T14:07:31","modified_gmt":"2023-07-14T14:07:31","slug":"o-nama","status":"publish","type":"page","link":"https:\/\/gastroservis.hr\/en\/","title":{"rendered":"About us"},"content":{"rendered":"<h2 style=\"text-align: left;\"><strong>Equipment and service for HoReCa channel<\/strong><\/h2>\n\n\n\n\n\n\n<p class=\"MsoNormal\"><span style=\"font-size: 12pt;\"><br><\/span><\/p><p class=\"MsoNormal\"><span style=\"font-size: 12pt;\">Arranging all types of professional kitchens with complete solutions, from planning and organization to execution and assembly of the kitchen to achieve greatest savings in energy and business optimization.<\/span><\/p><p class=\"MsoNormal\"><span style=\"font-size: 12pt;\">&nbsp;Equipping with high-quality devices and stainless-steel elements tailored made according to the highest standards quality and safety.<\/span><\/p><p class=\"MsoNormal\"><o:p><\/o:p><\/p>\n\n\n<p class=\"MsoNormal\"><span style=\"font-size: 12pt;\"><br><\/span><\/p><p class=\"MsoNormal\"><span style=\"font-size: 12pt;\">Ice makers, dishwashers, custom-made refrigerated display cases and various others\ndevices adapted to customer requirements.<\/span><\/p><p class=\"MsoNormal\"><span style=\"font-size: 12pt;\">&nbsp;Refrigerated showcases are custom made to preserve the durability of products such as drinks, meat and dairy products to bakery products.<\/span>.<br><\/p><p class=\"MsoNormal\"><o:p><\/o:p><\/p>\n\n\n<p><span style=\"font-size:medium;\">There are numerous bars which we made of various materials: Corian, Kerrock, wood, stainless steel, etc.<\/span><\/p><p><span style=\"font-size:medium;\">Each bar is adapted for each valued customer.<\/span><\/p><p><span style=\"font-size:medium;\">Installations are done quickly and professionally in all parts of Croatia, and if necessary also outside Croatia.<\/span><\/p>\n\n\n<p><span style=\"font-size:medium;\">Gastro service company provides service and maintenance, as well as other logistics for all products from the group.<\/p>\n\n\n<p><span style=\"font-size:medium;\">Gastro service based its success on continuous investment in business, and on production in\nin accordance with customer requirements.<\/p>\n\n\n\n\n\n\n\n\n<h2><span style=\"color: #2A83F9\">GASTRO COMPANY THROUGH THE YEARS<\/span><\/h2>\n\n\n\n\n<p style=\"font-size: 16px\">Gastro servis d.o.o. company was founded in 2005 as a related company of Gincops d.o.o. with the aim of completing the assortment in the segment of professional equipment and services for the HoReCa channel.<\/p>\n<p style=\"font-size: 16px\">In 2013, we started with a project approach to production. After strengthening of our team with mechanical engineers, We have integrated development into production. Some of the Croatian food factories have chosen us to build their production capacities.<\/p>\n<p style=\"font-size: 16px\">In 2018, we decided to invest in more modern production equipment and acquired the most modern stainless steel processing machines for bending and cutting\/piercing.<\/p>\n\n\n<p style=\"font-size: 16px\">In 2021, Gastro employs 15 employees qualified for equipment maintenance and production. We are one of the leading companies on the market for refrigerated display cases, catering equipment, dedicated cooling devices, and process and pharmaceutical equipment.<\/p><p style=\"font-size: 16px\">We offer complete solutions: construction, product development, technological planning, production, installation and maintenance.<\/p>\n<p style=\"font-size: 16px\">In 2022, we decided to purchase a Fiber Laser for cutting pipes and plates, a deburring machine and a drawing program.<\/p><p style=\"font-size: 16px\">Our quality and goals in the development of production with machines that do not emit CO2 into the atmosphere were recognized by the Norwegian fund Innovation Norway and provided us with grant in the realization of the project.<\/p>\n\n\n\n\n\n\n<p style=\"text-align: center;\"><strong>In this moment, Gastro service company team consists of experts in the fields of mechanical engineering, economics and electronics, and we continue to invest in the quality and expertise of our team.<\/strong><br><\/p>\n\n\n\n\n\n\n<hr \/>\n\n\n\n\n<h4><span style=\"color: rgb(42, 131, 249);\">NEWS<\/span><\/h4>\n\n\n\n\n<hr \/>\n\n\n\n\n\n\n\n\n\n<p style=\"text-align: justify; font-size: large;\"><a href=\"https:\/\/www.nacional.hr\/cinestar-4dx-mall-of-split-dobilo-icta-nagradu-za-najbolje-novoizgradeno-kino\/\">The CineStar cinema in Split received a prestigious award for the visibility of the cinema and bar, and realization of the bar is entirely done by our team of creative and skillful craftsmen.<\/a><\/p>\n\n\n<hr \/>\n\n\n\n\n\n\n\n\n\n\n<p style=\"text-align: justify; font-size:large;\"><a href=\"https:\/\/gastroservis.hr\/en\/projekti\/\">Gastro servis d.o.o. uz sufinanciranje iz Norve\u0161kog fonda Innovation Norway provodi projekt &#8220;Konsolidacija proizvodnje Gastro&#8221; kojim \u0107e kroz nabavu novih strojeva i programa konsolidirati svoj proizvodni proces, smanjiti \u0161tetne emisije u atmosferu, pobolj\u0161ati efikasnost, te omogu\u0107iti novo zapo\u0161ljavanje.<\/p>\n\n\n\n\n\n\n<hr \/>","protected":false},"excerpt":{"rendered":"","protected":false},"author":1,"featured_media":0,"parent":0,"menu_order":0,"comment_status":"closed","ping_status":"closed","template":"","meta":{"pagelayer_contact_templates":[],"_pagelayer_content":"","footnotes":""},"class_list":["post-33","page","type-page","status-publish","hentry"],"_links":{"self":[{"href":"https:\/\/gastroservis.hr\/en\/wp-json\/wp\/v2\/pages\/33","targetHints":{"allow":["GET"]}}],"collection":[{"href":"https:\/\/gastroservis.hr\/en\/wp-json\/wp\/v2\/pages"}],"about":[{"href":"https:\/\/gastroservis.hr\/en\/wp-json\/wp\/v2\/types\/page"}],"author":[{"embeddable":true,"href":"https:\/\/gastroservis.hr\/en\/wp-json\/wp\/v2\/users\/1"}],"replies":[{"embeddable":true,"href":"https:\/\/gastroservis.hr\/en\/wp-json\/wp\/v2\/comments?post=33"}],"version-history":[{"count":150,"href":"https:\/\/gastroservis.hr\/en\/wp-json\/wp\/v2\/pages\/33\/revisions"}],"predecessor-version":[{"id":603,"href":"https:\/\/gastroservis.hr\/en\/wp-json\/wp\/v2\/pages\/33\/revisions\/603"}],"wp:attachment":[{"href":"https:\/\/gastroservis.hr\/en\/wp-json\/wp\/v2\/media?parent=33"}],"curies":[{"name":"wp","href":"https:\/\/api.w.org\/{rel}","templated":true}]}}